{"id":75,"date":"2025-10-04T19:26:52","date_gmt":"2025-10-04T16:26:52","guid":{"rendered":"https:\/\/creatrisdesign.com\/web-site-hizmetleri\/kutay-hotel-yozgat\/?page_id=75"},"modified":"2025-10-05T06:44:05","modified_gmt":"2025-10-05T03:44:05","slug":"oyun-ve-eglence-alani","status":"publish","type":"page","link":"https:\/\/creatrisdesign.com\/web-site-hizmetleri\/kutay-hotel-yozgat\/oyun-ve-eglence-alani\/","title":{"rendered":"OYUN ve E\u011eLENCE ALANI"},"content":{"rendered":"<div class=\"wp-block-image is-style-rounded\">\n<figure class=\"aligncenter size-full is-resized\"><img loading=\"lazy\" decoding=\"async\" width=\"1024\" height=\"768\" src=\"https:\/\/creatrisdesign.com\/web-site-hizmetleri\/kutay-hotel-yozgat\/wp-content\/uploads\/2025\/10\/kutay-hotel-bogazliyan-yozgat-2.jpg\" alt=\"kutay-hotel-bogazliyan-yozgat\" class=\"wp-image-10\" style=\"width:462px;height:auto\" srcset=\"https:\/\/creatrisdesign.com\/web-site-hizmetleri\/kutay-hotel-yozgat\/wp-content\/uploads\/2025\/10\/kutay-hotel-bogazliyan-yozgat-2.jpg 1024w, https:\/\/creatrisdesign.com\/web-site-hizmetleri\/kutay-hotel-yozgat\/wp-content\/uploads\/2025\/10\/kutay-hotel-bogazliyan-yozgat-2-300x225.jpg 300w, https:\/\/creatrisdesign.com\/web-site-hizmetleri\/kutay-hotel-yozgat\/wp-content\/uploads\/2025\/10\/kutay-hotel-bogazliyan-yozgat-2-768x576.jpg 768w\" sizes=\"auto, (max-width: 1024px) 100vw, 1024px\" \/><figcaption class=\"wp-element-caption\">RESEPS\u0130YON<\/figcaption><\/figure><\/div>\n\n\n<p>Masa tenisi ve oyun salonu alan\u0131m\u0131zda aileniz ile e\u011flenceli saatler ge\u00e7irebilirsiniz.<\/p>\n\n\n<div class=\"pgc-sgb-cb wp-block-pgcsimplygalleryblock-grid \" data-gallery-id=\"ba920701\"><div class=\"sgb-preloader\" id=\"pr_ba920701\">\n\t<div class=\"sgb-square\" style=\"background:#d4d4d4\"><\/div>\n\t<div class=\"sgb-square\" style=\"background:#d4d4d4\"><\/div>\n\t<div class=\"sgb-square\" style=\"background:#d4d4d4\"><\/div>\n\t<div class=\"sgb-square\" style=\"background:#d4d4d4\"><\/div><\/div><div class=\"simply-gallery-amp pgc_sgb_slider \" style=\"display: none;\"><div class=\"sgb-gallery\"><div class=\"sgb-item\"><a href=\"https:\/\/creatrisdesign.com\/web-site-hizmetleri\/kutay-hotel-yozgat\/kutay-hotel-bogazliyan-yozgat-11\/\" target=\"_blank\"><img decoding=\"async\" alt=\"kutay-hotel-bogazliyan-yozgat\" width=\"300\" height=\"225\" loading=\"lazy\" src=\"https:\/\/creatrisdesign.com\/web-site-hizmetleri\/kutay-hotel-yozgat\/wp-content\/uploads\/2025\/10\/kutay-hotel-bogazliyan-yozgat-11-300x225.jpg\" srcset=\"https:\/\/creatrisdesign.com\/web-site-hizmetleri\/kutay-hotel-yozgat\/wp-content\/uploads\/2025\/10\/kutay-hotel-bogazliyan-yozgat-11-300x225.jpg 300w,https:\/\/creatrisdesign.com\/web-site-hizmetleri\/kutay-hotel-yozgat\/wp-content\/uploads\/2025\/10\/kutay-hotel-bogazliyan-yozgat-11.jpg 1024w\" sizes=\"auto, 250px\"\/><\/a><\/div><\/div><\/div><script type=\"application\/json\" class=\"sgb-data\">{\"captions\":false,\"captionHAlign\":\"bottom\",\"galleryType\":\"pgc_sgb_grid\",\"galleryId\":\"ba920701\",\"images\":[{\"id\":19,\"title\":\"KUTAY HOTEL \\u0026amp; Bo\u011fazl\u0131yan\/Yozgat\",\"url\":\"https:\/\/creatrisdesign.com\/web-site-hizmetleri\/kutay-hotel-yozgat\/wp-content\/uploads\/2025\/10\/kutay-hotel-bogazliyan-yozgat-11.jpg\",\"link\":\"https:\/\/creatrisdesign.com\/web-site-hizmetleri\/kutay-hotel-yozgat\/kutay-hotel-bogazliyan-yozgat-11\/\",\"alt\":\"kutay-hotel-bogazliyan-yozgat\",\"description\":\"\",\"caption\":\"\",\"mime\":\"image\/jpeg\",\"type\":\"image\",\"width\":1024,\"height\":768,\"sizes\":{\"thumbnail\":{\"height\":150,\"width\":150,\"url\":\"https:\/\/creatrisdesign.com\/web-site-hizmetleri\/kutay-hotel-yozgat\/wp-content\/uploads\/2025\/10\/kutay-hotel-bogazliyan-yozgat-11-150x150.jpg\",\"orientation\":\"landscape\"},\"medium\":{\"height\":225,\"width\":300,\"url\":\"https:\/\/creatrisdesign.com\/web-site-hizmetleri\/kutay-hotel-yozgat\/wp-content\/uploads\/2025\/10\/kutay-hotel-bogazliyan-yozgat-11-300x225.jpg\",\"orientation\":\"landscape\"},\"full\":{\"url\":\"https:\/\/creatrisdesign.com\/web-site-hizmetleri\/kutay-hotel-yozgat\/wp-content\/uploads\/2025\/10\/kutay-hotel-bogazliyan-yozgat-11.jpg\",\"height\":768,\"width\":1024,\"orientation\":\"landscape\"}},\"imageMeta\":{\"aperture\":\"0\",\"credit\":\"\",\"camera\":\"\",\"caption\":\"\",\"created_timestamp\":\"0\",\"copyright\":\"\",\"focal_length\":\"0\",\"iso\":\"0\",\"shutter_speed\":\"0\",\"title\":\"\",\"orientation\":\"1\",\"keywords\":[]},\"meta\":false,\"postlink\":\"https:\/\/creatrisdesign.com\/web-site-hizmetleri\/kutay-hotel-yozgat\/kutay-hotel-bogazliyan-yozgat-11\/\"}],\"sliderCaptionSrc\":\"title\",\"itemsMetaDataCollection\":[]}<\/script><script>(function(){if(window.PGC_SGB && window.PGC_SGB.searcher){window.PGC_SGB.searcher.initBlocks()}})()<\/script><\/div>\n\n<p>[google-translator]<\/p>\n","protected":false},"excerpt":{"rendered":"<p>Masa tenisi ve oyun salonu alan\u0131m\u0131zda aileniz ile e\u011flenceli saatler ge\u00e7irebilirsiniz.<\/p>\n","protected":false},"author":1,"featured_media":0,"parent":0,"menu_order":0,"comment_status":"closed","ping_status":"closed","template":"","meta":{"pgc_sgb_lightbox_settings":"","footnotes":""},"class_list":["post-75","page","type-page","status-publish","hentry"],"_links":{"self":[{"href":"https:\/\/creatrisdesign.com\/web-site-hizmetleri\/kutay-hotel-yozgat\/wp-json\/wp\/v2\/pages\/75","targetHints":{"allow":["GET"]}}],"collection":[{"href":"https:\/\/creatrisdesign.com\/web-site-hizmetleri\/kutay-hotel-yozgat\/wp-json\/wp\/v2\/pages"}],"about":[{"href":"https:\/\/creatrisdesign.com\/web-site-hizmetleri\/kutay-hotel-yozgat\/wp-json\/wp\/v2\/types\/page"}],"author":[{"embeddable":true,"href":"https:\/\/creatrisdesign.com\/web-site-hizmetleri\/kutay-hotel-yozgat\/wp-json\/wp\/v2\/users\/1"}],"replies":[{"embeddable":true,"href":"https:\/\/creatrisdesign.com\/web-site-hizmetleri\/kutay-hotel-yozgat\/wp-json\/wp\/v2\/comments?post=75"}],"version-history":[{"count":0,"href":"https:\/\/creatrisdesign.com\/web-site-hizmetleri\/kutay-hotel-yozgat\/wp-json\/wp\/v2\/pages\/75\/revisions"}],"wp:attachment":[{"href":"https:\/\/creatrisdesign.com\/web-site-hizmetleri\/kutay-hotel-yozgat\/wp-json\/wp\/v2\/media?parent=75"}],"curies":[{"name":"wp","href":"https:\/\/api.w.org\/{rel}","templated":true}]}}