{"id":154,"date":"2025-10-05T03:41:35","date_gmt":"2025-10-05T00:41:35","guid":{"rendered":"https:\/\/creatrisdesign.com\/web-site-hizmetleri\/kutay-hotel-yozgat\/?page_id=154"},"modified":"2025-10-05T04:01:48","modified_gmt":"2025-10-05T01:01:48","slug":"resepsiyon-hizmeti","status":"publish","type":"page","link":"https:\/\/creatrisdesign.com\/web-site-hizmetleri\/kutay-hotel-yozgat\/resepsiyon-hizmeti\/","title":{"rendered":"RESEPS\u0130YON H\u0130ZMET\u0130"},"content":{"rendered":"<div class=\"wp-block-image\">\n<figure class=\"aligncenter size-full is-resized\"><img loading=\"lazy\" decoding=\"async\" width=\"448\" height=\"599\" src=\"https:\/\/creatrisdesign.com\/web-site-hizmetleri\/kutay-hotel-yozgat\/wp-content\/uploads\/2025\/10\/kutay-hotel-bogazliyan-yozgat-1.jpg\" alt=\"kutay-hotel-bogazliyan-yozgat\" class=\"wp-image-9\" style=\"width:376px;height:auto\" srcset=\"https:\/\/creatrisdesign.com\/web-site-hizmetleri\/kutay-hotel-yozgat\/wp-content\/uploads\/2025\/10\/kutay-hotel-bogazliyan-yozgat-1.jpg 448w, https:\/\/creatrisdesign.com\/web-site-hizmetleri\/kutay-hotel-yozgat\/wp-content\/uploads\/2025\/10\/kutay-hotel-bogazliyan-yozgat-1-224x300.jpg 224w\" sizes=\"auto, (max-width: 448px) 100vw, 448px\" \/><\/figure><\/div>\n\n\n<div class=\"wp-block-columns is-layout-flex wp-container-core-columns-is-layout-9d6595d7 wp-block-columns-is-layout-flex\">\n<div class=\"wp-block-column is-layout-flow wp-block-column-is-layout-flow\" style=\"flex-basis:33.34%\">\r\n\r\n    <style>\r\n\r\n        div.mx-fdd026d3-43ce-4063-9179-3636d2062b4b *,\r\n        div.mx-fdd026d3-43ce-4063-9179-3636d2062b4b {\r\n            font-size: 18px !important;        }\r\n\r\n        div.mx-fdd026d3-43ce-4063-9179-3636d2062b4b {\r\n            text-align: center;        }\r\n        \r\n    <\/style>\r\n\r\n\r\n<div class=\"mx-localize-time\">\r\n\r\n    \r\n        <div \r\n            class='mx-fdd026d3-43ce-4063-9179-3636d2062b4b mx-clock-live-el'\r\n            data-bg-img-url='https:\/\/creatrisdesign.com\/web-site-hizmetleri\/kutay-hotel-yozgat\/wp-content\/plugins\/mx-time-zone-clocks\/includes\/admin\/assets\/img\/clock-face17.png'\r\n            data-time_zone='America\/New_York'\r\n            data-city_name='NEW YORK'\r\n            data-date_format='24'\r\n            data-digital_clock='false'\r\n            data-lang='en-US'\r\n            data-lang_for_date='en-US'\r\n            data-show_days='false'\r\n            data-showSecondHand='true'\r\n            data-arrow_type='classical'\r\n            data-super_simple='false'\r\n            data-arrows_color='#ff214f'\r\n        >\r\n            <div class=\"mx-timezone-clock-loader\">loading&#8230;<\/div>\r\n        <\/div>\r\n\r\n    \r\n<\/div>\r\n<\/div>\n\n\n\n<div class=\"wp-block-column is-layout-flow wp-block-column-is-layout-flow\" style=\"flex-basis:33.34%\">\r\n\r\n    <style>\r\n\r\n        div.mx-6e0a9539-4166-4ade-b590-edc03a85630c *,\r\n        div.mx-6e0a9539-4166-4ade-b590-edc03a85630c {\r\n            font-size: 18px !important;        }\r\n\r\n        div.mx-6e0a9539-4166-4ade-b590-edc03a85630c {\r\n            text-align: center;        }\r\n        \r\n    <\/style>\r\n\r\n\r\n<div class=\"mx-localize-time\">\r\n\r\n    \r\n        <div \r\n            class='mx-6e0a9539-4166-4ade-b590-edc03a85630c mx-clock-live-el'\r\n            data-bg-img-url='https:\/\/creatrisdesign.com\/web-site-hizmetleri\/kutay-hotel-yozgat\/wp-content\/plugins\/mx-time-zone-clocks\/includes\/admin\/assets\/img\/clock-face17.png'\r\n            data-time_zone='Europe\/Berlin'\r\n            data-city_name='BERL\u0130N'\r\n            data-date_format='12'\r\n            data-digital_clock='false'\r\n            data-lang='en-US'\r\n            data-lang_for_date='en-US'\r\n            data-show_days='false'\r\n            data-showSecondHand='true'\r\n            data-arrow_type='classical'\r\n            data-super_simple='false'\r\n            data-arrows_color='#ff214f'\r\n        >\r\n            <div class=\"mx-timezone-clock-loader\">loading&#8230;<\/div>\r\n        <\/div>\r\n\r\n    \r\n<\/div>\r\n<\/div>\n\n\n\n<div class=\"wp-block-column is-layout-flow wp-block-column-is-layout-flow\" style=\"flex-basis:33.33%\">\r\n\r\n    <style>\r\n\r\n        div.mx-1166b8e2-d362-46d7-948b-8c7b63708256 *,\r\n        div.mx-1166b8e2-d362-46d7-948b-8c7b63708256 {\r\n            font-size: 18px !important;        }\r\n\r\n        div.mx-1166b8e2-d362-46d7-948b-8c7b63708256 {\r\n            text-align: center;        }\r\n        \r\n    <\/style>\r\n\r\n\r\n<div class=\"mx-localize-time\">\r\n\r\n    \r\n        <div \r\n            class='mx-1166b8e2-d362-46d7-948b-8c7b63708256 mx-clock-live-el'\r\n            data-bg-img-url='https:\/\/creatrisdesign.com\/web-site-hizmetleri\/kutay-hotel-yozgat\/wp-content\/plugins\/mx-time-zone-clocks\/includes\/admin\/assets\/img\/clock-face17.png'\r\n            data-time_zone='Europe\/Istanbul'\r\n            data-city_name='\u0130STANBUL'\r\n            data-date_format='12'\r\n            data-digital_clock='false'\r\n            data-lang='en-US'\r\n            data-lang_for_date='en-US'\r\n            data-show_days='false'\r\n            data-showSecondHand='true'\r\n            data-arrow_type='classical'\r\n            data-super_simple='false'\r\n            data-arrows_color='#ff214f'\r\n        >\r\n            <div class=\"mx-timezone-clock-loader\">loading&#8230;<\/div>\r\n        <\/div>\r\n\r\n    \r\n<\/div>\r\n<\/div>\n<\/div>\n\n\n<div class=\"wp-block-image\">\n<figure class=\"aligncenter size-full\"><img loading=\"lazy\" decoding=\"async\" width=\"1024\" height=\"768\" src=\"https:\/\/creatrisdesign.com\/web-site-hizmetleri\/kutay-hotel-yozgat\/wp-content\/uploads\/2025\/10\/kutay-hotel-bogazliyan-yozgat-2.jpg\" alt=\"kutay-hotel-bogazliyan-yozgat\" class=\"wp-image-10\" srcset=\"https:\/\/creatrisdesign.com\/web-site-hizmetleri\/kutay-hotel-yozgat\/wp-content\/uploads\/2025\/10\/kutay-hotel-bogazliyan-yozgat-2.jpg 1024w, https:\/\/creatrisdesign.com\/web-site-hizmetleri\/kutay-hotel-yozgat\/wp-content\/uploads\/2025\/10\/kutay-hotel-bogazliyan-yozgat-2-300x225.jpg 300w, https:\/\/creatrisdesign.com\/web-site-hizmetleri\/kutay-hotel-yozgat\/wp-content\/uploads\/2025\/10\/kutay-hotel-bogazliyan-yozgat-2-768x576.jpg 768w\" sizes=\"auto, (max-width: 1024px) 100vw, 1024px\" \/><figcaption class=\"wp-element-caption\">RESEPS\u0130YON<\/figcaption><\/figure><\/div>\n\n\n<p>Siz de\u011ferli misafirlerimizin rahatl\u0131\u011f\u0131 i\u00e7in otelimizin reseprisyonu 24 saat a\u00e7\u0131k olup, otelimizde, ister aileniz ile ister bireysel olarak konaklamak i\u00e7in, 24 saat rezervasyon yapt\u0131rabilirsiniz.<\/p>\n\n\n\n<p>Odalar\u0131n\u0131za \u00e7\u0131kmak i\u00e7in ister merdivenlerimizi ister asans\u00f6r\u00fcm\u00fcz\u00fc kullanabilirsiniz.<\/p>\n\n\n\n<p>Otel odalar\u0131m\u0131za giri\u015f saati: 14:00 &#8211; 23:59 aras\u0131 olup, \u00e7\u0131k\u0131\u015f saati en ge\u00e7 12:00 &#8216;d\u0131r.<\/p>\n\n\n\n<p>\u0130leti\u015fim kanallar\u0131m\u0131zdan Rezervasyon yapt\u0131rabilirsiniz.<\/p>\n\n\n\n<p><\/p>\n","protected":false},"excerpt":{"rendered":"<p>Siz de\u011ferli misafirlerimizin rahatl\u0131\u011f\u0131 i\u00e7in otelimizin reseprisyonu 24 saat a\u00e7\u0131k olup, otelimizde, ister aileniz ile ister bireysel olarak konaklamak i\u00e7in, 24 saat rezervasyon yapt\u0131rabilirsiniz. Odalar\u0131n\u0131za \u00e7\u0131kmak i\u00e7in ister merdivenlerimizi ister asans\u00f6r\u00fcm\u00fcz\u00fc kullanabilirsiniz. Otel odalar\u0131m\u0131za giri\u015f saati: 14:00 &#8211; 23:59 aras\u0131 olup, \u00e7\u0131k\u0131\u015f saati en ge\u00e7 12:00 &#8216;d\u0131r. \u0130leti\u015fim kanallar\u0131m\u0131zdan Rezervasyon yapt\u0131rabilirsiniz.<\/p>\n","protected":false},"author":1,"featured_media":0,"parent":0,"menu_order":0,"comment_status":"closed","ping_status":"closed","template":"","meta":{"pgc_sgb_lightbox_settings":"","footnotes":""},"class_list":["post-154","page","type-page","status-publish","hentry"],"_links":{"self":[{"href":"https:\/\/creatrisdesign.com\/web-site-hizmetleri\/kutay-hotel-yozgat\/wp-json\/wp\/v2\/pages\/154","targetHints":{"allow":["GET"]}}],"collection":[{"href":"https:\/\/creatrisdesign.com\/web-site-hizmetleri\/kutay-hotel-yozgat\/wp-json\/wp\/v2\/pages"}],"about":[{"href":"https:\/\/creatrisdesign.com\/web-site-hizmetleri\/kutay-hotel-yozgat\/wp-json\/wp\/v2\/types\/page"}],"author":[{"embeddable":true,"href":"https:\/\/creatrisdesign.com\/web-site-hizmetleri\/kutay-hotel-yozgat\/wp-json\/wp\/v2\/users\/1"}],"replies":[{"embeddable":true,"href":"https:\/\/creatrisdesign.com\/web-site-hizmetleri\/kutay-hotel-yozgat\/wp-json\/wp\/v2\/comments?post=154"}],"version-history":[{"count":0,"href":"https:\/\/creatrisdesign.com\/web-site-hizmetleri\/kutay-hotel-yozgat\/wp-json\/wp\/v2\/pages\/154\/revisions"}],"wp:attachment":[{"href":"https:\/\/creatrisdesign.com\/web-site-hizmetleri\/kutay-hotel-yozgat\/wp-json\/wp\/v2\/media?parent=154"}],"curies":[{"name":"wp","href":"https:\/\/api.w.org\/{rel}","templated":true}]}}