{"id":787,"date":"2025-09-23T14:18:06","date_gmt":"2025-09-23T11:18:06","guid":{"rendered":"https:\/\/creatrisdesign.com\/?page_id=787"},"modified":"2025-10-16T00:50:48","modified_gmt":"2025-10-15T21:50:48","slug":"is-birligi","status":"publish","type":"page","link":"https:\/\/creatrisdesign.com\/index.php\/is-birligi\/","title":{"rendered":"\u0130\u015e B\u0130RL\u0130\u011e\u0130"},"content":{"rendered":"\n<h2 style=\"color: #002c46; font-weight: bold; text-shadow: 0px 3px 13px #f15a24; letter-spacing: 0.1rem; text-align: center;\"><script language=\"JavaScript1.2\">\n\n\/*\nNeon Lights Text\nBy JavaScript Kit (http:\/\/javascriptkit.com)\nOver 400+ free scripts here!\n*\/\n\nvar message=\"CREATRIS DESIGN\"\nvar neonbasecolor=\"#fafafa\"\nvar neontextcolor=\"rgb(241 90 36 \/ 0.9)\"\nvar flashspeed=100  \/\/in milliseconds\n\n\/\/\/No need to edit below this line\/\/\/\/\/\n\nvar n=0\nif (document.all||document.getElementById){\ndocument.write('')\nfor (m=0;m<message.length;m++)\ndocument.write('<span id=\"neonlight'+m+'\">'+message.charAt(m)+'<\/span>')\ndocument.write('<br>'+'<h4 style=\"font-weight: 400;text-align:center;font-style: oblique;text-shadow: 0px 23px 13px #00bfff;\">TASARIM G\u00dcC\u00dcN\u00dcZ.<\/h4><h5 style=\"text-align:center;\"><em>Tasar\u0131mda S\u0131n\u0131r Tan\u0131m\u0131yoruz!..<\/em><\/h5>')\n}\nelse\ndocument.write(message)\n\nfunction crossref(number){\nvar crossobj=document.all? eval(\"document.all.neonlight\"+number) : document.getElementById(\"neonlight\"+number)\nreturn crossobj\n}\n\nfunction neon(){\n\n\/\/Change all letters to base color\nif (n==0){\nfor (m=0;m<message.length;m++)\n\/\/eval(\"document.all.neonlight\"+m).style.color=neonbasecolor\ncrossref(m).style.color=neonbasecolor\n}\n\n\/\/cycle through and change individual letters to neon color\ncrossref(n).style.color=neontextcolor\n\nif (n<message.length-1)\nn++\nelse{\nn=0\nclearInterval(flashing)\nsetTimeout(\"beginneon()\",1500)\nreturn\n}\n}\n\nfunction beginneon(){\nif (document.all||document.getElementById)\nflashing=setInterval(\"neon()\",flashspeed)\n}\nbeginneon()\n\n\n<\/script><\/h2>\n<hr style=\"width: 65%;height: 4px;background: linear-gradient(to right, #ff0055, #ffcc00);border: none;border-radius: 2px;margin: 40px auto\">\n\n\n\n<p><strong><em>CREATRIS DESIGN =&gt; Farkl\u0131 Disiplinlerden Profesyoneller ile G\u00fc\u00e7l\u00fc ve Verimli \u0130\u015f Birlikleri Kurmay\u0131 Hedefler.<\/em><\/strong><\/p>\n\n\n\n<p>Grafik tasar\u0131mc\u0131lar, m\u00fchendisler, teknik ressamlar ve web tasar\u0131mc\u0131lar; bizimle \u00e7al\u0131\u015farak yaln\u0131zca projelerini geli\u015ftirmekle kalmaz, ayn\u0131 zamanda uzmanl\u0131klar\u0131n\u0131 daha geni\u015f bir alanda de\u011ferlendirme f\u0131rsat\u0131 bulur.<br>CreatrisDesign\u2019\u0131n disiplinler aras\u0131 yakla\u015f\u0131m\u0131 sayesinde, i\u015f ortaklar\u0131m\u0131z hem kendi yarat\u0131c\u0131l\u0131klar\u0131n\u0131 ortaya koyar hem de s\u00fcrd\u00fcr\u00fclebilir bir kazan\u00e7 ve g\u00fc\u00e7l\u00fc bir portf\u00f6y elde ederler.<\/p>\n\n\n\n<p>Bizimle kurulan her i\u015f birli\u011fi, ortak hedeflere ula\u015fmay\u0131 kolayla\u015ft\u0131ran, g\u00fcvene dayal\u0131 ve kar\u015f\u0131l\u0131kl\u0131 fayda sa\u011flayan bir s\u00fcre\u00e7tir.<\/p>\n\n\n\n<p><strong>CreatrisDesign\u2013 Birlikte \u00fcretiyor, birlikte b\u00fcy\u00fcyoruz.<\/strong><\/p>\n\n\n<div class=\"wp-block-image\">\n<figure class=\"aligncenter size-large is-resized\"><img loading=\"lazy\" decoding=\"async\" width=\"1024\" height=\"778\" src=\"https:\/\/creatrisdesign.com\/wp-content\/uploads\/2025\/10\/web-site-hizmetleri-creatris-design-vektor-11-1024x778.png\" alt=\"web-site-hizmetleri-creatris-design-vektor\" class=\"wp-image-1933\" style=\"width:512px\" srcset=\"https:\/\/creatrisdesign.com\/wp-content\/uploads\/2025\/10\/web-site-hizmetleri-creatris-design-vektor-11-1024x778.png 1024w, https:\/\/creatrisdesign.com\/wp-content\/uploads\/2025\/10\/web-site-hizmetleri-creatris-design-vektor-11-300x228.png 300w, https:\/\/creatrisdesign.com\/wp-content\/uploads\/2025\/10\/web-site-hizmetleri-creatris-design-vektor-11-768x583.png 768w, https:\/\/creatrisdesign.com\/wp-content\/uploads\/2025\/10\/web-site-hizmetleri-creatris-design-vektor-11-1536x1167.png 1536w, https:\/\/creatrisdesign.com\/wp-content\/uploads\/2025\/10\/web-site-hizmetleri-creatris-design-vektor-11-2048x1556.png 2048w\" sizes=\"auto, (max-width: 1024px) 100vw, 1024px\" \/><\/figure>\n<\/div>\n\n\n<p>Siz de bu g\u00fc\u00e7l\u00fc i\u015f birli\u011fi a\u011f\u0131n\u0131n bir par\u00e7as\u0131 olmak i\u00e7in bizimle kolayl\u0131kla ileti\u015fime ge\u00e7ebilirsiniz. Ekiplerimiz, t\u00fcm sorular\u0131n\u0131z\u0131 yan\u0131tlamaya ve ortak projeler i\u00e7in h\u0131zl\u0131ca aksiyon almaya haz\u0131rd\u0131r.<\/p>\n\n\n\t\n\t\t<div id=\"gs_logo_area_49\" data-sort=\"name\" data-shortcode-id=\"49\" class=\"gs_logo_area gs_logo_area_49 slider1 \" data-options='{\"logo_per_page\":\"6\"}' style=\"opacity: 0; visibility: hidden;\">\n\t\t\t<div class=\"gs_logo_area--inner\">\n\n\t\t\t\t<!-- Category Filters - New (Global) -->\n\t\t\t\t\t\n\t\t\t\t\n<div class=\"gs_logo_container gs_carousel_swiper gs_logo_fix_height_and_center\" data-carousel-config='{\"direction\":\"horizontal\",\"speed\":500,\"isAutoplay\":true,\"autoplayDelay\":2000,\"loop\":true,\"pauseOnHover\":true,\"ticker\":false,\"navs\":false,\"navs_pos\":\"bottom\",\"dots\":false,\"dynamic_dots\":true,\"slideSpace\":10,\"slidesPerGroup\":1,\"desktopLogos\":5,\"tabletLogos\":3,\"mobileLogos\":2,\"reverseDirection\":false}'>\n\n\t\n\t\t\n\t\t\t<div class=\"gs_logo_single--wrapper\">\n\t\t\t\t<div class=\"gs_logo_single\">\n\n\t\t\t\t\t<!-- Logo Img -->\n\t\t\t\t\t<img loading=\"lazy\" decoding=\"async\" width=\"1024\" height=\"1024\" src=\"https:\/\/creatrisdesign.com\/wp-content\/uploads\/2025\/09\/sosyal-medya-yonetimi-creatris-design-5-1024x1024.jpg\" class=\"tt-placement-top tt-bgcolor-one-%23ff5f6d tt-bgcolor-two-%23ffc371 tt-textcolor-%23fff gs-logo--img wp-post-image\" alt=\"sosyal-medya-yonetimi-creatris-design\" title=\"Creatris Design\" srcset=\"https:\/\/creatrisdesign.com\/wp-content\/uploads\/2025\/09\/sosyal-medya-yonetimi-creatris-design-5-1024x1024.jpg 1024w, https:\/\/creatrisdesign.com\/wp-content\/uploads\/2025\/09\/sosyal-medya-yonetimi-creatris-design-5-300x300.jpg 300w, https:\/\/creatrisdesign.com\/wp-content\/uploads\/2025\/09\/sosyal-medya-yonetimi-creatris-design-5-150x150.jpg 150w, https:\/\/creatrisdesign.com\/wp-content\/uploads\/2025\/09\/sosyal-medya-yonetimi-creatris-design-5-768x768.jpg 768w, https:\/\/creatrisdesign.com\/wp-content\/uploads\/2025\/09\/sosyal-medya-yonetimi-creatris-design-5-1536x1536.jpg 1536w, https:\/\/creatrisdesign.com\/wp-content\/uploads\/2025\/09\/sosyal-medya-yonetimi-creatris-design-5.jpg 1600w\" sizes=\"auto, (max-width: 1024px) 100vw, 1024px\" \/>\n\t\t\t\t\t<!-- Logo Title -->\n\t\t\t\t\t<h3 class=\"gs_logo_title\">Creatris Design<\/h3>\t\t\t\t\t\n\t\t\t\t\t<!-- Logo Category -->\n\t\t\t\t\t<div class=\"gs_logo_cats\">Vekt\u00f6rel Tasar\u0131m<\/div>\t\t\t\t\t\n\t\t\t\t<\/div>\n\t\t\t<\/div>\n\n\t\t\n\t\t\t<div class=\"gs_logo_single--wrapper\">\n\t\t\t\t<div class=\"gs_logo_single\">\n\n\t\t\t\t\t<!-- Logo Img -->\n\t\t\t\t\t<img loading=\"lazy\" decoding=\"async\" width=\"1024\" height=\"1024\" src=\"https:\/\/creatrisdesign.com\/wp-content\/uploads\/2025\/09\/afis-tasarim-creatris-design-12-1024x1024.jpg\" class=\"tt-placement-top tt-bgcolor-one-%23ff5f6d tt-bgcolor-two-%23ffc371 tt-textcolor-%23fff gs-logo--img wp-post-image\" alt=\"afis-tasarim-creatris-design\" title=\"Creatris Design\" srcset=\"https:\/\/creatrisdesign.com\/wp-content\/uploads\/2025\/09\/afis-tasarim-creatris-design-12-1024x1024.jpg 1024w, https:\/\/creatrisdesign.com\/wp-content\/uploads\/2025\/09\/afis-tasarim-creatris-design-12-300x300.jpg 300w, https:\/\/creatrisdesign.com\/wp-content\/uploads\/2025\/09\/afis-tasarim-creatris-design-12-150x150.jpg 150w, https:\/\/creatrisdesign.com\/wp-content\/uploads\/2025\/09\/afis-tasarim-creatris-design-12-768x768.jpg 768w, https:\/\/creatrisdesign.com\/wp-content\/uploads\/2025\/09\/afis-tasarim-creatris-design-12.jpg 1080w\" sizes=\"auto, (max-width: 1024px) 100vw, 1024px\" \/>\n\t\t\t\t\t<!-- Logo Title -->\n\t\t\t\t\t<h3 class=\"gs_logo_title\">Creatris Design<\/h3>\t\t\t\t\t\n\t\t\t\t\t<!-- Logo Category -->\n\t\t\t\t\t<div class=\"gs_logo_cats\">Afi\u015f Tasar\u0131m<\/div>\t\t\t\t\t\n\t\t\t\t<\/div>\n\t\t\t<\/div>\n\n\t\t\n\t\t\t<div class=\"gs_logo_single--wrapper\">\n\t\t\t\t<div class=\"gs_logo_single\">\n\n\t\t\t\t\t<!-- Logo Img -->\n\t\t\t\t\t<img loading=\"lazy\" decoding=\"async\" width=\"1024\" height=\"1024\" src=\"https:\/\/creatrisdesign.com\/wp-content\/uploads\/2025\/09\/afis-tasarim-creatris-design-14-1024x1024.jpg\" class=\"tt-placement-top tt-bgcolor-one-%23ff5f6d tt-bgcolor-two-%23ffc371 tt-textcolor-%23fff gs-logo--img wp-post-image\" alt=\"afis-tasarim-creatris-design\" title=\"Creatris Design\" srcset=\"https:\/\/creatrisdesign.com\/wp-content\/uploads\/2025\/09\/afis-tasarim-creatris-design-14-1024x1024.jpg 1024w, https:\/\/creatrisdesign.com\/wp-content\/uploads\/2025\/09\/afis-tasarim-creatris-design-14-300x300.jpg 300w, https:\/\/creatrisdesign.com\/wp-content\/uploads\/2025\/09\/afis-tasarim-creatris-design-14-150x150.jpg 150w, https:\/\/creatrisdesign.com\/wp-content\/uploads\/2025\/09\/afis-tasarim-creatris-design-14-768x768.jpg 768w, https:\/\/creatrisdesign.com\/wp-content\/uploads\/2025\/09\/afis-tasarim-creatris-design-14.jpg 1080w\" sizes=\"auto, (max-width: 1024px) 100vw, 1024px\" \/>\n\t\t\t\t\t<!-- Logo Title -->\n\t\t\t\t\t<h3 class=\"gs_logo_title\">Creatris Design<\/h3>\t\t\t\t\t\n\t\t\t\t\t<!-- Logo Category -->\n\t\t\t\t\t<div class=\"gs_logo_cats\">Afi\u015f Tasar\u0131m<\/div>\t\t\t\t\t\n\t\t\t\t<\/div>\n\t\t\t<\/div>\n\n\t\t\n\t\t\t<div class=\"gs_logo_single--wrapper\">\n\t\t\t\t<div class=\"gs_logo_single\">\n\n\t\t\t\t\t<!-- Logo Img -->\n\t\t\t\t\t<img loading=\"lazy\" decoding=\"async\" width=\"1024\" height=\"318\" src=\"https:\/\/creatrisdesign.com\/wp-content\/uploads\/2025\/09\/kartvizit-tasarim-creatris-design-1-1024x318.jpg\" class=\"tt-placement-top tt-bgcolor-one-%23ff5f6d tt-bgcolor-two-%23ffc371 tt-textcolor-%23fff gs-logo--img wp-post-image\" alt=\"kartvizit-tasarim-creatris-design\" title=\"Creatris Design\" srcset=\"https:\/\/creatrisdesign.com\/wp-content\/uploads\/2025\/09\/kartvizit-tasarim-creatris-design-1-1024x318.jpg 1024w, https:\/\/creatrisdesign.com\/wp-content\/uploads\/2025\/09\/kartvizit-tasarim-creatris-design-1-300x93.jpg 300w, https:\/\/creatrisdesign.com\/wp-content\/uploads\/2025\/09\/kartvizit-tasarim-creatris-design-1-768x239.jpg 768w, https:\/\/creatrisdesign.com\/wp-content\/uploads\/2025\/09\/kartvizit-tasarim-creatris-design-1-1536x477.jpg 1536w, https:\/\/creatrisdesign.com\/wp-content\/uploads\/2025\/09\/kartvizit-tasarim-creatris-design-1.jpg 1600w\" sizes=\"auto, (max-width: 1024px) 100vw, 1024px\" \/>\n\t\t\t\t\t<!-- Logo Title -->\n\t\t\t\t\t<h3 class=\"gs_logo_title\">Creatris Design<\/h3>\t\t\t\t\t\n\t\t\t\t\t<!-- Logo Category -->\n\t\t\t\t\t<div class=\"gs_logo_cats\">Kartvizit Tasar\u0131m<\/div>\t\t\t\t\t\n\t\t\t\t<\/div>\n\t\t\t<\/div>\n\n\t\t\n\t\t\t<div class=\"gs_logo_single--wrapper\">\n\t\t\t\t<div class=\"gs_logo_single\">\n\n\t\t\t\t\t<!-- Logo Img -->\n\t\t\t\t\t<img loading=\"lazy\" decoding=\"async\" width=\"1024\" height=\"768\" src=\"https:\/\/creatrisdesign.com\/wp-content\/uploads\/2025\/09\/logo-tasarim-creatris-design-3-1024x768.jpg\" class=\"tt-placement-top tt-bgcolor-one-%23ff5f6d tt-bgcolor-two-%23ffc371 tt-textcolor-%23fff gs-logo--img wp-post-image\" alt=\"kurumsal-kimlik-logo-tasarimi-tasarim-creatris-design\" title=\"Creatris Design\" srcset=\"https:\/\/creatrisdesign.com\/wp-content\/uploads\/2025\/09\/logo-tasarim-creatris-design-3-1024x768.jpg 1024w, https:\/\/creatrisdesign.com\/wp-content\/uploads\/2025\/09\/logo-tasarim-creatris-design-3-300x225.jpg 300w, https:\/\/creatrisdesign.com\/wp-content\/uploads\/2025\/09\/logo-tasarim-creatris-design-3-768x576.jpg 768w, https:\/\/creatrisdesign.com\/wp-content\/uploads\/2025\/09\/logo-tasarim-creatris-design-3-1536x1152.jpg 1536w, https:\/\/creatrisdesign.com\/wp-content\/uploads\/2025\/09\/logo-tasarim-creatris-design-3.jpg 1600w\" sizes=\"auto, (max-width: 1024px) 100vw, 1024px\" \/>\n\t\t\t\t\t<!-- Logo Title -->\n\t\t\t\t\t<h3 class=\"gs_logo_title\">Creatris Design<\/h3>\t\t\t\t\t\n\t\t\t\t\t<!-- Logo Category -->\n\t\t\t\t\t<div class=\"gs_logo_cats\">Logo Tasar\u0131m<\/div>\t\t\t\t\t\n\t\t\t\t<\/div>\n\t\t\t<\/div>\n\n\t\t\n\t\t\t<div class=\"gs_logo_single--wrapper\">\n\t\t\t\t<div class=\"gs_logo_single\">\n\n\t\t\t\t\t<!-- Logo Img -->\n\t\t\t\t\t<img loading=\"lazy\" decoding=\"async\" width=\"1024\" height=\"768\" src=\"https:\/\/creatrisdesign.com\/wp-content\/uploads\/2025\/09\/logo-tasarim-creatris-design-1-1024x768.jpg\" class=\"tt-placement-top tt-bgcolor-one-%23ff5f6d tt-bgcolor-two-%23ffc371 tt-textcolor-%23fff gs-logo--img wp-post-image\" alt=\"kurumsal-kimlik-logo-tasarimi-tasarim-creatris-design\" title=\"Creatris Design\" srcset=\"https:\/\/creatrisdesign.com\/wp-content\/uploads\/2025\/09\/logo-tasarim-creatris-design-1-1024x768.jpg 1024w, https:\/\/creatrisdesign.com\/wp-content\/uploads\/2025\/09\/logo-tasarim-creatris-design-1-300x225.jpg 300w, https:\/\/creatrisdesign.com\/wp-content\/uploads\/2025\/09\/logo-tasarim-creatris-design-1-768x576.jpg 768w, https:\/\/creatrisdesign.com\/wp-content\/uploads\/2025\/09\/logo-tasarim-creatris-design-1-1536x1152.jpg 1536w, https:\/\/creatrisdesign.com\/wp-content\/uploads\/2025\/09\/logo-tasarim-creatris-design-1.jpg 1600w\" sizes=\"auto, (max-width: 1024px) 100vw, 1024px\" \/>\n\t\t\t\t\t<!-- Logo Title -->\n\t\t\t\t\t<h3 class=\"gs_logo_title\">Creatris Design<\/h3>\t\t\t\t\t\n\t\t\t\t\t<!-- Logo Category -->\n\t\t\t\t\t<div class=\"gs_logo_cats\">Logo Tasar\u0131m<\/div>\t\t\t\t\t\n\t\t\t\t<\/div>\n\t\t\t<\/div>\n\n\t\t\t\t\n\t\n<\/div>\n\t\t\t\t<!-- Pagination -->\n\t\t\t\t\n\t\t\t<\/div>\n\t\t<\/div>\n\t\n\t\t<style>#gs_logo_area_49:not(.verticaltickerdown):not(.verticalticker) .gs_logo_container{margin-left:-5px}#gs_logo_area_49:not(.verticaltickerdown):not(.verticalticker) .gs_logo_container{margin-right:-5px}#gs_logo_area_49:not(.verticaltickerdown):not(.verticalticker) .gs_logo_single--wrapper{padding:5px}#gs_logo_area_49 ul.gs-logo-filter-cats{text-align:center!important}#gs_logo_area_49 .gs_logo_single--wrapper{width:20%}@media (max-width:1023px){#gs_logo_area_49 .gs_logo_single--wrapper{width:33.333333333333%}}@media (max-width:767px){#gs_logo_area_49 .gs_logo_single--wrapper{width:50%}}<\/style>\n","protected":false},"excerpt":{"rendered":"<p>CREATRIS DESIGN =&gt; Farkl\u0131 Disiplinlerden Profesyoneller ile G\u00fc\u00e7l\u00fc ve Verimli \u0130\u015f Birlikleri Kurmay\u0131 Hedefler. Grafik tasar\u0131mc\u0131lar, m\u00fchendisler, teknik ressamlar ve web tasar\u0131mc\u0131lar; bizimle \u00e7al\u0131\u015farak yaln\u0131zca projelerini geli\u015ftirmekle kalmaz, ayn\u0131 zamanda uzmanl\u0131klar\u0131n\u0131 daha geni\u015f bir alanda de\u011ferlendirme f\u0131rsat\u0131 bulur.CreatrisDesign\u2019\u0131n disiplinler aras\u0131 yakla\u015f\u0131m\u0131 sayesinde, i\u015f ortaklar\u0131m\u0131z hem kendi yarat\u0131c\u0131l\u0131klar\u0131n\u0131 ortaya koyar hem de s\u00fcrd\u00fcr\u00fclebilir bir kazan\u00e7 ve [&hellip;]<\/p>\n","protected":false},"author":1,"featured_media":0,"parent":0,"menu_order":0,"comment_status":"closed","ping_status":"closed","template":"","meta":{"pgc_sgb_lightbox_settings":"","footnotes":""},"class_list":["post-787","page","type-page","status-publish","hentry"],"yoast_head":"<!-- This site is optimized with the Yoast SEO plugin v26.8 - https:\/\/yoast.com\/product\/yoast-seo-wordpress\/ -->\n<title>\u0130\u015e B\u0130RL\u0130\u011e\u0130 - CREATRIS DESIGN<\/title>\n<meta name=\"robots\" content=\"index, follow, max-snippet:-1, max-image-preview:large, max-video-preview:-1\" \/>\n<link rel=\"canonical\" href=\"https:\/\/creatrisdesign.com\/index.php\/is-birligi\/\" \/>\n<meta property=\"og:locale\" content=\"tr_TR\" \/>\n<meta property=\"og:type\" content=\"article\" \/>\n<meta property=\"og:title\" content=\"\u0130\u015e B\u0130RL\u0130\u011e\u0130 - CREATRIS DESIGN\" \/>\n<meta property=\"og:description\" content=\"CREATRIS DESIGN =&gt; Farkl\u0131 Disiplinlerden Profesyoneller ile G\u00fc\u00e7l\u00fc ve Verimli \u0130\u015f Birlikleri Kurmay\u0131 Hedefler. Grafik tasar\u0131mc\u0131lar, m\u00fchendisler, teknik ressamlar ve web tasar\u0131mc\u0131lar; bizimle \u00e7al\u0131\u015farak yaln\u0131zca projelerini geli\u015ftirmekle kalmaz, ayn\u0131 zamanda uzmanl\u0131klar\u0131n\u0131 daha geni\u015f bir alanda de\u011ferlendirme f\u0131rsat\u0131 bulur.CreatrisDesign\u2019\u0131n disiplinler aras\u0131 yakla\u015f\u0131m\u0131 sayesinde, i\u015f ortaklar\u0131m\u0131z hem kendi yarat\u0131c\u0131l\u0131klar\u0131n\u0131 ortaya koyar hem de s\u00fcrd\u00fcr\u00fclebilir bir kazan\u00e7 ve [&hellip;]\" \/>\n<meta property=\"og:url\" content=\"https:\/\/creatrisdesign.com\/index.php\/is-birligi\/\" \/>\n<meta property=\"og:site_name\" content=\"CREATRIS DESIGN\" \/>\n<meta property=\"article:modified_time\" content=\"2025-10-15T21:50:48+00:00\" \/>\n<meta property=\"og:image\" content=\"https:\/\/creatrisdesign.com\/wp-content\/uploads\/2025\/10\/web-site-hizmetleri-creatris-design-vektor-11-scaled.png\" \/>\n\t<meta property=\"og:image:width\" content=\"2560\" \/>\n\t<meta property=\"og:image:height\" content=\"1945\" \/>\n\t<meta property=\"og:image:type\" content=\"image\/png\" \/>\n<meta name=\"twitter:card\" content=\"summary_large_image\" \/>\n<meta name=\"twitter:label1\" content=\"Tahmini okuma s\u00fcresi\" \/>\n\t<meta name=\"twitter:data1\" content=\"1 dakika\" \/>\n<script type=\"application\/ld+json\" class=\"yoast-schema-graph\">{\"@context\":\"https:\/\/schema.org\",\"@graph\":[{\"@type\":\"WebPage\",\"@id\":\"https:\/\/creatrisdesign.com\/index.php\/is-birligi\/\",\"url\":\"https:\/\/creatrisdesign.com\/index.php\/is-birligi\/\",\"name\":\"\u0130\u015e B\u0130RL\u0130\u011e\u0130 - CREATRIS DESIGN\",\"isPartOf\":{\"@id\":\"https:\/\/creatrisdesign.com\/#website\"},\"primaryImageOfPage\":{\"@id\":\"https:\/\/creatrisdesign.com\/index.php\/is-birligi\/#primaryimage\"},\"image\":{\"@id\":\"https:\/\/creatrisdesign.com\/index.php\/is-birligi\/#primaryimage\"},\"thumbnailUrl\":\"https:\/\/creatrisdesign.com\/wp-content\/uploads\/2025\/10\/web-site-hizmetleri-creatris-design-vektor-11-1024x778.png\",\"datePublished\":\"2025-09-23T11:18:06+00:00\",\"dateModified\":\"2025-10-15T21:50:48+00:00\",\"breadcrumb\":{\"@id\":\"https:\/\/creatrisdesign.com\/index.php\/is-birligi\/#breadcrumb\"},\"inLanguage\":\"tr\",\"potentialAction\":[{\"@type\":\"ReadAction\",\"target\":[\"https:\/\/creatrisdesign.com\/index.php\/is-birligi\/\"]}]},{\"@type\":\"ImageObject\",\"inLanguage\":\"tr\",\"@id\":\"https:\/\/creatrisdesign.com\/index.php\/is-birligi\/#primaryimage\",\"url\":\"https:\/\/creatrisdesign.com\/wp-content\/uploads\/2025\/10\/web-site-hizmetleri-creatris-design-vektor-11-scaled.png\",\"contentUrl\":\"https:\/\/creatrisdesign.com\/wp-content\/uploads\/2025\/10\/web-site-hizmetleri-creatris-design-vektor-11-scaled.png\",\"width\":2560,\"height\":1945,\"caption\":\"web-site-hizmetleri-creatris-design-vektor\"},{\"@type\":\"BreadcrumbList\",\"@id\":\"https:\/\/creatrisdesign.com\/index.php\/is-birligi\/#breadcrumb\",\"itemListElement\":[{\"@type\":\"ListItem\",\"position\":1,\"name\":\"Anasayfa\",\"item\":\"https:\/\/creatrisdesign.com\/\"},{\"@type\":\"ListItem\",\"position\":2,\"name\":\"\u0130\u015e B\u0130RL\u0130\u011e\u0130\"}]},{\"@type\":\"WebSite\",\"@id\":\"https:\/\/creatrisdesign.com\/#website\",\"url\":\"https:\/\/creatrisdesign.com\/\",\"name\":\"CREATRIS DESIGN\",\"description\":\"Ruhunuzu Yakalayan \u00c7izgiler\",\"publisher\":{\"@id\":\"https:\/\/creatrisdesign.com\/#\/schema\/person\/48896715d55ffc94bb64eca32ff26b06\"},\"alternateName\":\"Yarat\u0131c\u0131 Tasar\u0131m\",\"potentialAction\":[{\"@type\":\"SearchAction\",\"target\":{\"@type\":\"EntryPoint\",\"urlTemplate\":\"https:\/\/creatrisdesign.com\/?s={search_term_string}\"},\"query-input\":{\"@type\":\"PropertyValueSpecification\",\"valueRequired\":true,\"valueName\":\"search_term_string\"}}],\"inLanguage\":\"tr\"},{\"@type\":[\"Person\",\"Organization\"],\"@id\":\"https:\/\/creatrisdesign.com\/#\/schema\/person\/48896715d55ffc94bb64eca32ff26b06\",\"name\":\"CREATRIS DESIGN\",\"image\":{\"@type\":\"ImageObject\",\"inLanguage\":\"tr\",\"@id\":\"https:\/\/creatrisdesign.com\/#\/schema\/person\/image\/\",\"url\":\"https:\/\/creatrisdesign.com\/wp-content\/uploads\/2025\/10\/mimari-tasarim-cizim-creatris-design-21.jpeg\",\"contentUrl\":\"https:\/\/creatrisdesign.com\/wp-content\/uploads\/2025\/10\/mimari-tasarim-cizim-creatris-design-21.jpeg\",\"width\":640,\"height\":800,\"caption\":\"CREATRIS DESIGN\"},\"logo\":{\"@id\":\"https:\/\/creatrisdesign.com\/#\/schema\/person\/image\/\"},\"sameAs\":[\"https:\/\/creatrisdesign.com\",\"https:\/\/www.instagram.com\/creatrisdesign\"]}]}<\/script>\n<!-- \/ Yoast SEO plugin. -->","yoast_head_json":{"title":"\u0130\u015e B\u0130RL\u0130\u011e\u0130 - CREATRIS DESIGN","robots":{"index":"index","follow":"follow","max-snippet":"max-snippet:-1","max-image-preview":"max-image-preview:large","max-video-preview":"max-video-preview:-1"},"canonical":"https:\/\/creatrisdesign.com\/index.php\/is-birligi\/","og_locale":"tr_TR","og_type":"article","og_title":"\u0130\u015e B\u0130RL\u0130\u011e\u0130 - CREATRIS DESIGN","og_description":"CREATRIS DESIGN =&gt; Farkl\u0131 Disiplinlerden Profesyoneller ile G\u00fc\u00e7l\u00fc ve Verimli \u0130\u015f Birlikleri Kurmay\u0131 Hedefler. Grafik tasar\u0131mc\u0131lar, m\u00fchendisler, teknik ressamlar ve web tasar\u0131mc\u0131lar; bizimle \u00e7al\u0131\u015farak yaln\u0131zca projelerini geli\u015ftirmekle kalmaz, ayn\u0131 zamanda uzmanl\u0131klar\u0131n\u0131 daha geni\u015f bir alanda de\u011ferlendirme f\u0131rsat\u0131 bulur.CreatrisDesign\u2019\u0131n disiplinler aras\u0131 yakla\u015f\u0131m\u0131 sayesinde, i\u015f ortaklar\u0131m\u0131z hem kendi yarat\u0131c\u0131l\u0131klar\u0131n\u0131 ortaya koyar hem de s\u00fcrd\u00fcr\u00fclebilir bir kazan\u00e7 ve [&hellip;]","og_url":"https:\/\/creatrisdesign.com\/index.php\/is-birligi\/","og_site_name":"CREATRIS DESIGN","article_modified_time":"2025-10-15T21:50:48+00:00","og_image":[{"width":2560,"height":1945,"url":"https:\/\/creatrisdesign.com\/wp-content\/uploads\/2025\/10\/web-site-hizmetleri-creatris-design-vektor-11-scaled.png","type":"image\/png"}],"twitter_card":"summary_large_image","twitter_misc":{"Tahmini okuma s\u00fcresi":"1 dakika"},"schema":{"@context":"https:\/\/schema.org","@graph":[{"@type":"WebPage","@id":"https:\/\/creatrisdesign.com\/index.php\/is-birligi\/","url":"https:\/\/creatrisdesign.com\/index.php\/is-birligi\/","name":"\u0130\u015e B\u0130RL\u0130\u011e\u0130 - CREATRIS DESIGN","isPartOf":{"@id":"https:\/\/creatrisdesign.com\/#website"},"primaryImageOfPage":{"@id":"https:\/\/creatrisdesign.com\/index.php\/is-birligi\/#primaryimage"},"image":{"@id":"https:\/\/creatrisdesign.com\/index.php\/is-birligi\/#primaryimage"},"thumbnailUrl":"https:\/\/creatrisdesign.com\/wp-content\/uploads\/2025\/10\/web-site-hizmetleri-creatris-design-vektor-11-1024x778.png","datePublished":"2025-09-23T11:18:06+00:00","dateModified":"2025-10-15T21:50:48+00:00","breadcrumb":{"@id":"https:\/\/creatrisdesign.com\/index.php\/is-birligi\/#breadcrumb"},"inLanguage":"tr","potentialAction":[{"@type":"ReadAction","target":["https:\/\/creatrisdesign.com\/index.php\/is-birligi\/"]}]},{"@type":"ImageObject","inLanguage":"tr","@id":"https:\/\/creatrisdesign.com\/index.php\/is-birligi\/#primaryimage","url":"https:\/\/creatrisdesign.com\/wp-content\/uploads\/2025\/10\/web-site-hizmetleri-creatris-design-vektor-11-scaled.png","contentUrl":"https:\/\/creatrisdesign.com\/wp-content\/uploads\/2025\/10\/web-site-hizmetleri-creatris-design-vektor-11-scaled.png","width":2560,"height":1945,"caption":"web-site-hizmetleri-creatris-design-vektor"},{"@type":"BreadcrumbList","@id":"https:\/\/creatrisdesign.com\/index.php\/is-birligi\/#breadcrumb","itemListElement":[{"@type":"ListItem","position":1,"name":"Anasayfa","item":"https:\/\/creatrisdesign.com\/"},{"@type":"ListItem","position":2,"name":"\u0130\u015e B\u0130RL\u0130\u011e\u0130"}]},{"@type":"WebSite","@id":"https:\/\/creatrisdesign.com\/#website","url":"https:\/\/creatrisdesign.com\/","name":"CREATRIS DESIGN","description":"Ruhunuzu Yakalayan \u00c7izgiler","publisher":{"@id":"https:\/\/creatrisdesign.com\/#\/schema\/person\/48896715d55ffc94bb64eca32ff26b06"},"alternateName":"Yarat\u0131c\u0131 Tasar\u0131m","potentialAction":[{"@type":"SearchAction","target":{"@type":"EntryPoint","urlTemplate":"https:\/\/creatrisdesign.com\/?s={search_term_string}"},"query-input":{"@type":"PropertyValueSpecification","valueRequired":true,"valueName":"search_term_string"}}],"inLanguage":"tr"},{"@type":["Person","Organization"],"@id":"https:\/\/creatrisdesign.com\/#\/schema\/person\/48896715d55ffc94bb64eca32ff26b06","name":"CREATRIS DESIGN","image":{"@type":"ImageObject","inLanguage":"tr","@id":"https:\/\/creatrisdesign.com\/#\/schema\/person\/image\/","url":"https:\/\/creatrisdesign.com\/wp-content\/uploads\/2025\/10\/mimari-tasarim-cizim-creatris-design-21.jpeg","contentUrl":"https:\/\/creatrisdesign.com\/wp-content\/uploads\/2025\/10\/mimari-tasarim-cizim-creatris-design-21.jpeg","width":640,"height":800,"caption":"CREATRIS DESIGN"},"logo":{"@id":"https:\/\/creatrisdesign.com\/#\/schema\/person\/image\/"},"sameAs":["https:\/\/creatrisdesign.com","https:\/\/www.instagram.com\/creatrisdesign"]}]}},"_links":{"self":[{"href":"https:\/\/creatrisdesign.com\/index.php\/wp-json\/wp\/v2\/pages\/787","targetHints":{"allow":["GET"]}}],"collection":[{"href":"https:\/\/creatrisdesign.com\/index.php\/wp-json\/wp\/v2\/pages"}],"about":[{"href":"https:\/\/creatrisdesign.com\/index.php\/wp-json\/wp\/v2\/types\/page"}],"author":[{"embeddable":true,"href":"https:\/\/creatrisdesign.com\/index.php\/wp-json\/wp\/v2\/users\/1"}],"replies":[{"embeddable":true,"href":"https:\/\/creatrisdesign.com\/index.php\/wp-json\/wp\/v2\/comments?post=787"}],"version-history":[{"count":0,"href":"https:\/\/creatrisdesign.com\/index.php\/wp-json\/wp\/v2\/pages\/787\/revisions"}],"wp:attachment":[{"href":"https:\/\/creatrisdesign.com\/index.php\/wp-json\/wp\/v2\/media?parent=787"}],"curies":[{"name":"wp","href":"https:\/\/api.w.org\/{rel}","templated":true}]}}