{"id":783,"date":"2025-09-23T14:15:56","date_gmt":"2025-09-23T11:15:56","guid":{"rendered":"https:\/\/creatrisdesign.com\/?page_id=783"},"modified":"2025-10-16T00:50:30","modified_gmt":"2025-10-15T21:50:30","slug":"iletisim","status":"publish","type":"page","link":"https:\/\/creatrisdesign.com\/index.php\/iletisim\/","title":{"rendered":"\u0130LET\u0130\u015e\u0130M"},"content":{"rendered":"\n<h2 style=\"color: #002c46; font-weight: bold; text-shadow: 0px 3px 13px #f15a24; letter-spacing: 0.1rem; text-align: center;\"><script language=\"JavaScript1.2\">\n\n\/*\nNeon Lights Text\nBy JavaScript Kit (http:\/\/javascriptkit.com)\nOver 400+ free scripts here!\n*\/\n\nvar message=\"CREATRIS DESIGN\"\nvar neonbasecolor=\"#fafafa\"\nvar neontextcolor=\"rgb(241 90 36 \/ 0.9)\"\nvar flashspeed=100  \/\/in milliseconds\n\n\/\/\/No need to edit below this line\/\/\/\/\/\n\nvar n=0\nif (document.all||document.getElementById){\ndocument.write('')\nfor (m=0;m<message.length;m++)\ndocument.write('<span id=\"neonlight'+m+'\">'+message.charAt(m)+'<\/span>')\ndocument.write('<br>'+'<h4 style=\"font-weight: 400;text-align:center;font-style: oblique;text-shadow: 0px 23px 13px #00bfff;\">TASARIM G\u00dcC\u00dcN\u00dcZ.<\/h4><h5 style=\"text-align:center;\"><em>Tasar\u0131mda S\u0131n\u0131r Tan\u0131m\u0131yoruz!..<\/em><\/h5>')\n}\nelse\ndocument.write(message)\n\nfunction crossref(number){\nvar crossobj=document.all? eval(\"document.all.neonlight\"+number) : document.getElementById(\"neonlight\"+number)\nreturn crossobj\n}\n\nfunction neon(){\n\n\/\/Change all letters to base color\nif (n==0){\nfor (m=0;m<message.length;m++)\n\/\/eval(\"document.all.neonlight\"+m).style.color=neonbasecolor\ncrossref(m).style.color=neonbasecolor\n}\n\n\/\/cycle through and change individual letters to neon color\ncrossref(n).style.color=neontextcolor\n\nif (n<message.length-1)\nn++\nelse{\nn=0\nclearInterval(flashing)\nsetTimeout(\"beginneon()\",1500)\nreturn\n}\n}\n\nfunction beginneon(){\nif (document.all||document.getElementById)\nflashing=setInterval(\"neon()\",flashspeed)\n}\nbeginneon()\n\n\n<\/script><\/h2>\n<hr style=\"width: 65%;height: 4px;background: linear-gradient(to right, #ff0055, #ffcc00);border: none;border-radius: 2px;margin: 40px auto\">\n\n\n\n<p>Grafik Tasar\u0131m &amp; Web Site Hizmetlerimiz hakk\u0131nda bilgi ve randevunuz i\u00e7in:<\/p>\n\n\n\n<h4 class=\"wp-block-heading\"><strong><a href=\"mailto:creatrisdesign@gmail.com\" target=\"_blank\" rel=\"noreferrer noopener\">creatrisdesign@gmail.com<\/a><\/strong><\/h4>\n\n\n\n<p>mail adresimizden ileti\u015fime ge\u00e7ebilirsiniz.<\/p>\n\n\n\t\n\t\t<div id=\"gs_logo_area_49\" data-sort=\"name\" data-shortcode-id=\"49\" class=\"gs_logo_area gs_logo_area_49 slider1 \" data-options='{\"logo_per_page\":\"6\"}' style=\"opacity: 0; visibility: hidden;\">\n\t\t\t<div class=\"gs_logo_area--inner\">\n\n\t\t\t\t<!-- Category Filters - New (Global) -->\n\t\t\t\t\t\n\t\t\t\t\n<div class=\"gs_logo_container gs_carousel_swiper gs_logo_fix_height_and_center\" data-carousel-config='{\"direction\":\"horizontal\",\"speed\":500,\"isAutoplay\":true,\"autoplayDelay\":2000,\"loop\":true,\"pauseOnHover\":true,\"ticker\":false,\"navs\":false,\"navs_pos\":\"bottom\",\"dots\":false,\"dynamic_dots\":true,\"slideSpace\":10,\"slidesPerGroup\":1,\"desktopLogos\":5,\"tabletLogos\":3,\"mobileLogos\":2,\"reverseDirection\":false}'>\n\n\t\n\t\t\n\t\t\t<div class=\"gs_logo_single--wrapper\">\n\t\t\t\t<div class=\"gs_logo_single\">\n\n\t\t\t\t\t<!-- Logo Img -->\n\t\t\t\t\t<img loading=\"lazy\" decoding=\"async\" width=\"1024\" height=\"1024\" src=\"https:\/\/creatrisdesign.com\/wp-content\/uploads\/2025\/09\/sosyal-medya-yonetimi-creatris-design-5-1024x1024.jpg\" class=\"tt-placement-top tt-bgcolor-one-%23ff5f6d tt-bgcolor-two-%23ffc371 tt-textcolor-%23fff gs-logo--img wp-post-image\" alt=\"sosyal-medya-yonetimi-creatris-design\" title=\"Creatris Design\" srcset=\"https:\/\/creatrisdesign.com\/wp-content\/uploads\/2025\/09\/sosyal-medya-yonetimi-creatris-design-5-1024x1024.jpg 1024w, https:\/\/creatrisdesign.com\/wp-content\/uploads\/2025\/09\/sosyal-medya-yonetimi-creatris-design-5-300x300.jpg 300w, https:\/\/creatrisdesign.com\/wp-content\/uploads\/2025\/09\/sosyal-medya-yonetimi-creatris-design-5-150x150.jpg 150w, https:\/\/creatrisdesign.com\/wp-content\/uploads\/2025\/09\/sosyal-medya-yonetimi-creatris-design-5-768x768.jpg 768w, https:\/\/creatrisdesign.com\/wp-content\/uploads\/2025\/09\/sosyal-medya-yonetimi-creatris-design-5-1536x1536.jpg 1536w, https:\/\/creatrisdesign.com\/wp-content\/uploads\/2025\/09\/sosyal-medya-yonetimi-creatris-design-5.jpg 1600w\" sizes=\"auto, (max-width: 1024px) 100vw, 1024px\" \/>\n\t\t\t\t\t<!-- Logo Title -->\n\t\t\t\t\t<h3 class=\"gs_logo_title\">Creatris Design<\/h3>\t\t\t\t\t\n\t\t\t\t\t<!-- Logo Category -->\n\t\t\t\t\t<div class=\"gs_logo_cats\">Vekt\u00f6rel Tasar\u0131m<\/div>\t\t\t\t\t\n\t\t\t\t<\/div>\n\t\t\t<\/div>\n\n\t\t\n\t\t\t<div class=\"gs_logo_single--wrapper\">\n\t\t\t\t<div class=\"gs_logo_single\">\n\n\t\t\t\t\t<!-- Logo Img -->\n\t\t\t\t\t<img loading=\"lazy\" decoding=\"async\" width=\"1024\" height=\"1024\" src=\"https:\/\/creatrisdesign.com\/wp-content\/uploads\/2025\/09\/afis-tasarim-creatris-design-12-1024x1024.jpg\" class=\"tt-placement-top tt-bgcolor-one-%23ff5f6d tt-bgcolor-two-%23ffc371 tt-textcolor-%23fff gs-logo--img wp-post-image\" alt=\"afis-tasarim-creatris-design\" title=\"Creatris Design\" srcset=\"https:\/\/creatrisdesign.com\/wp-content\/uploads\/2025\/09\/afis-tasarim-creatris-design-12-1024x1024.jpg 1024w, https:\/\/creatrisdesign.com\/wp-content\/uploads\/2025\/09\/afis-tasarim-creatris-design-12-300x300.jpg 300w, https:\/\/creatrisdesign.com\/wp-content\/uploads\/2025\/09\/afis-tasarim-creatris-design-12-150x150.jpg 150w, https:\/\/creatrisdesign.com\/wp-content\/uploads\/2025\/09\/afis-tasarim-creatris-design-12-768x768.jpg 768w, https:\/\/creatrisdesign.com\/wp-content\/uploads\/2025\/09\/afis-tasarim-creatris-design-12.jpg 1080w\" sizes=\"auto, (max-width: 1024px) 100vw, 1024px\" \/>\n\t\t\t\t\t<!-- Logo Title -->\n\t\t\t\t\t<h3 class=\"gs_logo_title\">Creatris Design<\/h3>\t\t\t\t\t\n\t\t\t\t\t<!-- Logo Category -->\n\t\t\t\t\t<div class=\"gs_logo_cats\">Afi\u015f Tasar\u0131m<\/div>\t\t\t\t\t\n\t\t\t\t<\/div>\n\t\t\t<\/div>\n\n\t\t\n\t\t\t<div class=\"gs_logo_single--wrapper\">\n\t\t\t\t<div class=\"gs_logo_single\">\n\n\t\t\t\t\t<!-- Logo Img -->\n\t\t\t\t\t<img loading=\"lazy\" decoding=\"async\" width=\"1024\" height=\"1024\" src=\"https:\/\/creatrisdesign.com\/wp-content\/uploads\/2025\/09\/afis-tasarim-creatris-design-14-1024x1024.jpg\" class=\"tt-placement-top tt-bgcolor-one-%23ff5f6d tt-bgcolor-two-%23ffc371 tt-textcolor-%23fff gs-logo--img wp-post-image\" alt=\"afis-tasarim-creatris-design\" title=\"Creatris Design\" srcset=\"https:\/\/creatrisdesign.com\/wp-content\/uploads\/2025\/09\/afis-tasarim-creatris-design-14-1024x1024.jpg 1024w, https:\/\/creatrisdesign.com\/wp-content\/uploads\/2025\/09\/afis-tasarim-creatris-design-14-300x300.jpg 300w, https:\/\/creatrisdesign.com\/wp-content\/uploads\/2025\/09\/afis-tasarim-creatris-design-14-150x150.jpg 150w, https:\/\/creatrisdesign.com\/wp-content\/uploads\/2025\/09\/afis-tasarim-creatris-design-14-768x768.jpg 768w, https:\/\/creatrisdesign.com\/wp-content\/uploads\/2025\/09\/afis-tasarim-creatris-design-14.jpg 1080w\" sizes=\"auto, (max-width: 1024px) 100vw, 1024px\" \/>\n\t\t\t\t\t<!-- Logo Title -->\n\t\t\t\t\t<h3 class=\"gs_logo_title\">Creatris Design<\/h3>\t\t\t\t\t\n\t\t\t\t\t<!-- Logo Category -->\n\t\t\t\t\t<div class=\"gs_logo_cats\">Afi\u015f Tasar\u0131m<\/div>\t\t\t\t\t\n\t\t\t\t<\/div>\n\t\t\t<\/div>\n\n\t\t\n\t\t\t<div class=\"gs_logo_single--wrapper\">\n\t\t\t\t<div class=\"gs_logo_single\">\n\n\t\t\t\t\t<!-- Logo Img -->\n\t\t\t\t\t<img loading=\"lazy\" decoding=\"async\" width=\"1024\" height=\"318\" src=\"https:\/\/creatrisdesign.com\/wp-content\/uploads\/2025\/09\/kartvizit-tasarim-creatris-design-1-1024x318.jpg\" class=\"tt-placement-top tt-bgcolor-one-%23ff5f6d tt-bgcolor-two-%23ffc371 tt-textcolor-%23fff gs-logo--img wp-post-image\" alt=\"kartvizit-tasarim-creatris-design\" title=\"Creatris Design\" srcset=\"https:\/\/creatrisdesign.com\/wp-content\/uploads\/2025\/09\/kartvizit-tasarim-creatris-design-1-1024x318.jpg 1024w, https:\/\/creatrisdesign.com\/wp-content\/uploads\/2025\/09\/kartvizit-tasarim-creatris-design-1-300x93.jpg 300w, https:\/\/creatrisdesign.com\/wp-content\/uploads\/2025\/09\/kartvizit-tasarim-creatris-design-1-768x239.jpg 768w, https:\/\/creatrisdesign.com\/wp-content\/uploads\/2025\/09\/kartvizit-tasarim-creatris-design-1-1536x477.jpg 1536w, https:\/\/creatrisdesign.com\/wp-content\/uploads\/2025\/09\/kartvizit-tasarim-creatris-design-1.jpg 1600w\" sizes=\"auto, (max-width: 1024px) 100vw, 1024px\" \/>\n\t\t\t\t\t<!-- Logo Title -->\n\t\t\t\t\t<h3 class=\"gs_logo_title\">Creatris Design<\/h3>\t\t\t\t\t\n\t\t\t\t\t<!-- Logo Category -->\n\t\t\t\t\t<div class=\"gs_logo_cats\">Kartvizit Tasar\u0131m<\/div>\t\t\t\t\t\n\t\t\t\t<\/div>\n\t\t\t<\/div>\n\n\t\t\n\t\t\t<div class=\"gs_logo_single--wrapper\">\n\t\t\t\t<div class=\"gs_logo_single\">\n\n\t\t\t\t\t<!-- Logo Img -->\n\t\t\t\t\t<img loading=\"lazy\" decoding=\"async\" width=\"1024\" height=\"768\" src=\"https:\/\/creatrisdesign.com\/wp-content\/uploads\/2025\/09\/logo-tasarim-creatris-design-3-1024x768.jpg\" class=\"tt-placement-top tt-bgcolor-one-%23ff5f6d tt-bgcolor-two-%23ffc371 tt-textcolor-%23fff gs-logo--img wp-post-image\" alt=\"kurumsal-kimlik-logo-tasarimi-tasarim-creatris-design\" title=\"Creatris Design\" srcset=\"https:\/\/creatrisdesign.com\/wp-content\/uploads\/2025\/09\/logo-tasarim-creatris-design-3-1024x768.jpg 1024w, https:\/\/creatrisdesign.com\/wp-content\/uploads\/2025\/09\/logo-tasarim-creatris-design-3-300x225.jpg 300w, https:\/\/creatrisdesign.com\/wp-content\/uploads\/2025\/09\/logo-tasarim-creatris-design-3-768x576.jpg 768w, https:\/\/creatrisdesign.com\/wp-content\/uploads\/2025\/09\/logo-tasarim-creatris-design-3-1536x1152.jpg 1536w, https:\/\/creatrisdesign.com\/wp-content\/uploads\/2025\/09\/logo-tasarim-creatris-design-3.jpg 1600w\" sizes=\"auto, (max-width: 1024px) 100vw, 1024px\" \/>\n\t\t\t\t\t<!-- Logo Title -->\n\t\t\t\t\t<h3 class=\"gs_logo_title\">Creatris Design<\/h3>\t\t\t\t\t\n\t\t\t\t\t<!-- Logo Category -->\n\t\t\t\t\t<div class=\"gs_logo_cats\">Logo Tasar\u0131m<\/div>\t\t\t\t\t\n\t\t\t\t<\/div>\n\t\t\t<\/div>\n\n\t\t\n\t\t\t<div class=\"gs_logo_single--wrapper\">\n\t\t\t\t<div class=\"gs_logo_single\">\n\n\t\t\t\t\t<!-- Logo Img -->\n\t\t\t\t\t<img loading=\"lazy\" decoding=\"async\" width=\"1024\" height=\"768\" src=\"https:\/\/creatrisdesign.com\/wp-content\/uploads\/2025\/09\/logo-tasarim-creatris-design-1-1024x768.jpg\" class=\"tt-placement-top tt-bgcolor-one-%23ff5f6d tt-bgcolor-two-%23ffc371 tt-textcolor-%23fff gs-logo--img wp-post-image\" alt=\"kurumsal-kimlik-logo-tasarimi-tasarim-creatris-design\" title=\"Creatris Design\" srcset=\"https:\/\/creatrisdesign.com\/wp-content\/uploads\/2025\/09\/logo-tasarim-creatris-design-1-1024x768.jpg 1024w, https:\/\/creatrisdesign.com\/wp-content\/uploads\/2025\/09\/logo-tasarim-creatris-design-1-300x225.jpg 300w, https:\/\/creatrisdesign.com\/wp-content\/uploads\/2025\/09\/logo-tasarim-creatris-design-1-768x576.jpg 768w, https:\/\/creatrisdesign.com\/wp-content\/uploads\/2025\/09\/logo-tasarim-creatris-design-1-1536x1152.jpg 1536w, https:\/\/creatrisdesign.com\/wp-content\/uploads\/2025\/09\/logo-tasarim-creatris-design-1.jpg 1600w\" sizes=\"auto, (max-width: 1024px) 100vw, 1024px\" \/>\n\t\t\t\t\t<!-- Logo Title -->\n\t\t\t\t\t<h3 class=\"gs_logo_title\">Creatris Design<\/h3>\t\t\t\t\t\n\t\t\t\t\t<!-- Logo Category -->\n\t\t\t\t\t<div class=\"gs_logo_cats\">Logo Tasar\u0131m<\/div>\t\t\t\t\t\n\t\t\t\t<\/div>\n\t\t\t<\/div>\n\n\t\t\t\t\n\t\n<\/div>\n\t\t\t\t<!-- Pagination -->\n\t\t\t\t\n\t\t\t<\/div>\n\t\t<\/div>\n\t\n\t\t<style>#gs_logo_area_49:not(.verticaltickerdown):not(.verticalticker) .gs_logo_container{margin-left:-5px}#gs_logo_area_49:not(.verticaltickerdown):not(.verticalticker) .gs_logo_container{margin-right:-5px}#gs_logo_area_49:not(.verticaltickerdown):not(.verticalticker) .gs_logo_single--wrapper{padding:5px}#gs_logo_area_49 ul.gs-logo-filter-cats{text-align:center!important}#gs_logo_area_49 .gs_logo_single--wrapper{width:20%}@media (max-width:1023px){#gs_logo_area_49 .gs_logo_single--wrapper{width:33.333333333333%}}@media (max-width:767px){#gs_logo_area_49 .gs_logo_single--wrapper{width:50%}}<\/style>\n","protected":false},"excerpt":{"rendered":"<p>Grafik Tasar\u0131m &amp; Web Site Hizmetlerimiz hakk\u0131nda bilgi ve randevunuz i\u00e7in: creatrisdesign@gmail.com mail adresimizden ileti\u015fime ge\u00e7ebilirsiniz.<\/p>\n","protected":false},"author":1,"featured_media":0,"parent":0,"menu_order":0,"comment_status":"closed","ping_status":"closed","template":"","meta":{"pgc_sgb_lightbox_settings":"","footnotes":""},"class_list":["post-783","page","type-page","status-publish","hentry"],"yoast_head":"<!-- This site is optimized with the Yoast SEO plugin v26.8 - https:\/\/yoast.com\/product\/yoast-seo-wordpress\/ -->\n<title>\u0130LET\u0130\u015e\u0130M - CREATRIS DESIGN<\/title>\n<meta name=\"robots\" content=\"index, follow, max-snippet:-1, max-image-preview:large, max-video-preview:-1\" \/>\n<link rel=\"canonical\" href=\"https:\/\/creatrisdesign.com\/index.php\/iletisim\/\" \/>\n<meta property=\"og:locale\" content=\"tr_TR\" \/>\n<meta property=\"og:type\" content=\"article\" \/>\n<meta property=\"og:title\" content=\"\u0130LET\u0130\u015e\u0130M - CREATRIS DESIGN\" \/>\n<meta property=\"og:description\" content=\"Grafik Tasar\u0131m &amp; Web Site Hizmetlerimiz hakk\u0131nda bilgi ve randevunuz i\u00e7in: creatrisdesign@gmail.com mail adresimizden ileti\u015fime ge\u00e7ebilirsiniz.\" \/>\n<meta property=\"og:url\" content=\"https:\/\/creatrisdesign.com\/index.php\/iletisim\/\" \/>\n<meta property=\"og:site_name\" content=\"CREATRIS DESIGN\" \/>\n<meta property=\"article:modified_time\" content=\"2025-10-15T21:50:30+00:00\" \/>\n<meta property=\"og:image\" content=\"https:\/\/creatrisdesign.com\/wp-content\/uploads\/2025\/10\/mimari-tasarim-cizim-creatris-design-21.jpeg\" \/>\n\t<meta property=\"og:image:width\" content=\"640\" \/>\n\t<meta property=\"og:image:height\" content=\"800\" \/>\n\t<meta property=\"og:image:type\" content=\"image\/jpeg\" \/>\n<meta name=\"twitter:card\" content=\"summary_large_image\" \/>\n<meta name=\"twitter:label1\" content=\"Tahmini okuma s\u00fcresi\" \/>\n\t<meta name=\"twitter:data1\" content=\"1 dakika\" \/>\n<script type=\"application\/ld+json\" class=\"yoast-schema-graph\">{\"@context\":\"https:\/\/schema.org\",\"@graph\":[{\"@type\":\"WebPage\",\"@id\":\"https:\/\/creatrisdesign.com\/index.php\/iletisim\/\",\"url\":\"https:\/\/creatrisdesign.com\/index.php\/iletisim\/\",\"name\":\"\u0130LET\u0130\u015e\u0130M - CREATRIS DESIGN\",\"isPartOf\":{\"@id\":\"https:\/\/creatrisdesign.com\/#website\"},\"datePublished\":\"2025-09-23T11:15:56+00:00\",\"dateModified\":\"2025-10-15T21:50:30+00:00\",\"breadcrumb\":{\"@id\":\"https:\/\/creatrisdesign.com\/index.php\/iletisim\/#breadcrumb\"},\"inLanguage\":\"tr\",\"potentialAction\":[{\"@type\":\"ReadAction\",\"target\":[\"https:\/\/creatrisdesign.com\/index.php\/iletisim\/\"]}]},{\"@type\":\"BreadcrumbList\",\"@id\":\"https:\/\/creatrisdesign.com\/index.php\/iletisim\/#breadcrumb\",\"itemListElement\":[{\"@type\":\"ListItem\",\"position\":1,\"name\":\"Anasayfa\",\"item\":\"https:\/\/creatrisdesign.com\/\"},{\"@type\":\"ListItem\",\"position\":2,\"name\":\"\u0130LET\u0130\u015e\u0130M\"}]},{\"@type\":\"WebSite\",\"@id\":\"https:\/\/creatrisdesign.com\/#website\",\"url\":\"https:\/\/creatrisdesign.com\/\",\"name\":\"CREATRIS DESIGN\",\"description\":\"Ruhunuzu Yakalayan \u00c7izgiler\",\"publisher\":{\"@id\":\"https:\/\/creatrisdesign.com\/#\/schema\/person\/48896715d55ffc94bb64eca32ff26b06\"},\"alternateName\":\"Yarat\u0131c\u0131 Tasar\u0131m\",\"potentialAction\":[{\"@type\":\"SearchAction\",\"target\":{\"@type\":\"EntryPoint\",\"urlTemplate\":\"https:\/\/creatrisdesign.com\/?s={search_term_string}\"},\"query-input\":{\"@type\":\"PropertyValueSpecification\",\"valueRequired\":true,\"valueName\":\"search_term_string\"}}],\"inLanguage\":\"tr\"},{\"@type\":[\"Person\",\"Organization\"],\"@id\":\"https:\/\/creatrisdesign.com\/#\/schema\/person\/48896715d55ffc94bb64eca32ff26b06\",\"name\":\"CREATRIS DESIGN\",\"image\":{\"@type\":\"ImageObject\",\"inLanguage\":\"tr\",\"@id\":\"https:\/\/creatrisdesign.com\/#\/schema\/person\/image\/\",\"url\":\"https:\/\/creatrisdesign.com\/wp-content\/uploads\/2025\/10\/mimari-tasarim-cizim-creatris-design-21.jpeg\",\"contentUrl\":\"https:\/\/creatrisdesign.com\/wp-content\/uploads\/2025\/10\/mimari-tasarim-cizim-creatris-design-21.jpeg\",\"width\":640,\"height\":800,\"caption\":\"CREATRIS DESIGN\"},\"logo\":{\"@id\":\"https:\/\/creatrisdesign.com\/#\/schema\/person\/image\/\"},\"sameAs\":[\"https:\/\/creatrisdesign.com\",\"https:\/\/www.instagram.com\/creatrisdesign\"]}]}<\/script>\n<!-- \/ Yoast SEO plugin. -->","yoast_head_json":{"title":"\u0130LET\u0130\u015e\u0130M - CREATRIS DESIGN","robots":{"index":"index","follow":"follow","max-snippet":"max-snippet:-1","max-image-preview":"max-image-preview:large","max-video-preview":"max-video-preview:-1"},"canonical":"https:\/\/creatrisdesign.com\/index.php\/iletisim\/","og_locale":"tr_TR","og_type":"article","og_title":"\u0130LET\u0130\u015e\u0130M - CREATRIS DESIGN","og_description":"Grafik Tasar\u0131m &amp; Web Site Hizmetlerimiz hakk\u0131nda bilgi ve randevunuz i\u00e7in: creatrisdesign@gmail.com mail adresimizden ileti\u015fime ge\u00e7ebilirsiniz.","og_url":"https:\/\/creatrisdesign.com\/index.php\/iletisim\/","og_site_name":"CREATRIS DESIGN","article_modified_time":"2025-10-15T21:50:30+00:00","og_image":[{"width":640,"height":800,"url":"https:\/\/creatrisdesign.com\/wp-content\/uploads\/2025\/10\/mimari-tasarim-cizim-creatris-design-21.jpeg","type":"image\/jpeg"}],"twitter_card":"summary_large_image","twitter_misc":{"Tahmini okuma s\u00fcresi":"1 dakika"},"schema":{"@context":"https:\/\/schema.org","@graph":[{"@type":"WebPage","@id":"https:\/\/creatrisdesign.com\/index.php\/iletisim\/","url":"https:\/\/creatrisdesign.com\/index.php\/iletisim\/","name":"\u0130LET\u0130\u015e\u0130M - CREATRIS DESIGN","isPartOf":{"@id":"https:\/\/creatrisdesign.com\/#website"},"datePublished":"2025-09-23T11:15:56+00:00","dateModified":"2025-10-15T21:50:30+00:00","breadcrumb":{"@id":"https:\/\/creatrisdesign.com\/index.php\/iletisim\/#breadcrumb"},"inLanguage":"tr","potentialAction":[{"@type":"ReadAction","target":["https:\/\/creatrisdesign.com\/index.php\/iletisim\/"]}]},{"@type":"BreadcrumbList","@id":"https:\/\/creatrisdesign.com\/index.php\/iletisim\/#breadcrumb","itemListElement":[{"@type":"ListItem","position":1,"name":"Anasayfa","item":"https:\/\/creatrisdesign.com\/"},{"@type":"ListItem","position":2,"name":"\u0130LET\u0130\u015e\u0130M"}]},{"@type":"WebSite","@id":"https:\/\/creatrisdesign.com\/#website","url":"https:\/\/creatrisdesign.com\/","name":"CREATRIS DESIGN","description":"Ruhunuzu Yakalayan \u00c7izgiler","publisher":{"@id":"https:\/\/creatrisdesign.com\/#\/schema\/person\/48896715d55ffc94bb64eca32ff26b06"},"alternateName":"Yarat\u0131c\u0131 Tasar\u0131m","potentialAction":[{"@type":"SearchAction","target":{"@type":"EntryPoint","urlTemplate":"https:\/\/creatrisdesign.com\/?s={search_term_string}"},"query-input":{"@type":"PropertyValueSpecification","valueRequired":true,"valueName":"search_term_string"}}],"inLanguage":"tr"},{"@type":["Person","Organization"],"@id":"https:\/\/creatrisdesign.com\/#\/schema\/person\/48896715d55ffc94bb64eca32ff26b06","name":"CREATRIS DESIGN","image":{"@type":"ImageObject","inLanguage":"tr","@id":"https:\/\/creatrisdesign.com\/#\/schema\/person\/image\/","url":"https:\/\/creatrisdesign.com\/wp-content\/uploads\/2025\/10\/mimari-tasarim-cizim-creatris-design-21.jpeg","contentUrl":"https:\/\/creatrisdesign.com\/wp-content\/uploads\/2025\/10\/mimari-tasarim-cizim-creatris-design-21.jpeg","width":640,"height":800,"caption":"CREATRIS DESIGN"},"logo":{"@id":"https:\/\/creatrisdesign.com\/#\/schema\/person\/image\/"},"sameAs":["https:\/\/creatrisdesign.com","https:\/\/www.instagram.com\/creatrisdesign"]}]}},"_links":{"self":[{"href":"https:\/\/creatrisdesign.com\/index.php\/wp-json\/wp\/v2\/pages\/783","targetHints":{"allow":["GET"]}}],"collection":[{"href":"https:\/\/creatrisdesign.com\/index.php\/wp-json\/wp\/v2\/pages"}],"about":[{"href":"https:\/\/creatrisdesign.com\/index.php\/wp-json\/wp\/v2\/types\/page"}],"author":[{"embeddable":true,"href":"https:\/\/creatrisdesign.com\/index.php\/wp-json\/wp\/v2\/users\/1"}],"replies":[{"embeddable":true,"href":"https:\/\/creatrisdesign.com\/index.php\/wp-json\/wp\/v2\/comments?post=783"}],"version-history":[{"count":0,"href":"https:\/\/creatrisdesign.com\/index.php\/wp-json\/wp\/v2\/pages\/783\/revisions"}],"wp:attachment":[{"href":"https:\/\/creatrisdesign.com\/index.php\/wp-json\/wp\/v2\/media?parent=783"}],"curies":[{"name":"wp","href":"https:\/\/api.w.org\/{rel}","templated":true}]}}